{"id":102,"date":"2025-07-16T15:21:38","date_gmt":"2025-07-16T15:21:38","guid":{"rendered":"http:\/\/steamzarasai.lt\/?page_id=102"},"modified":"2026-03-30T06:46:04","modified_gmt":"2026-03-30T06:46:04","slug":"steam-ugdymas","status":"publish","type":"page","link":"https:\/\/steamzarasai.lt\/index.php\/steam-ugdymas\/","title":{"rendered":"Steam ugdymas"},"content":{"rendered":"\r\n\r\n\r\n<h3 class=\"wp-block-heading\" style=\"text-align: justify;\"><span style=\"font-size: 16px;\">\u00a0 \u00a0 \u00a0 \u00a0 \u00a0 \u00a0 \u00a0 STEAM ugdymas tampa vis svarbesne \u0161iuolaikin\u0117s mokyklos dalimi, kei\u010dian\u010dia tradicin\u012f po\u017ei\u016br\u012f \u012f mokym\u0105si. Tai integruotas gamtos moksl\u0173, technologij\u0173, in\u017einerijos, men\u0173 ir matematikos ugdymas, kuris ne tik jungia atskirus dalykus, bet ir suteikia galimyb\u0119 mokiniams patirti mokym\u0105si kaip gyv\u0105, k\u016brybi\u0161k\u0105 ir prasming\u0105 proces\u0105. STEAM filosofija gr\u012fsta id\u0117ja, kad tikrov\u0117 n\u0117ra padalinta \u012f pamokas ar disciplinas \u2013 tikrov\u0117je sprend\u017eiamos problemos reikalauja tarpdisciplininio m\u0105stymo, bendradarbiavimo ir geb\u0117jimo taikyti \u017einias \u012fvairiuose kontekstuose.<br \/><\/span><span style=\"font-size: 16px;\">\u00a0 \u00a0 \u00a0 \u00a0 \u00a0Mokymasis pagal STEAM model\u012f ugdo esmines XXI am\u017eiaus kompetencijas: kritin\u012f m\u0105stym\u0105, k\u016brybi\u0161kum\u0105, problem\u0173 sprendim\u0105, komandin\u012f darb\u0105, komunikacij\u0105 ir technologin\u012f ra\u0161tingum\u0105. Tradicin\u0117 pamoka da\u017enai orientuota \u012f \u017eini\u0173 perteikim\u0105, tuo tarpu STEAM veiklose mokinys tampa aktyviu veik\u0117ju \u2013 jis analizuoja, tyrin\u0117ja, kuria ir pristato. Tokios veiklos motyvuoja, kelia smalsum\u0105, skatina atsakomyb\u0119 u\u017e mokymosi proces\u0105 ir rezultat\u0105.<br \/><\/span><span style=\"font-size: 16px;\">\u00a0 \u00a0 \u00a0 \u00a0 \u00a0 \u00a0 STEAM ugdymas svarbus ir tuo, kad padeda atrasti kiekvieno mokinio stipri\u0105sias puses. Vieni labiau domisi technologijomis, kiti \u2013 menine rai\u0161ka ar in\u017eineriniais sprendimais. Integruotose veiklose kiekvienas gali prisid\u0117ti pagal savo geb\u0117jimus, o \u012fvairios patirtys stiprina pasitik\u0117jim\u0105 savimi ir ugdo socialinius \u012fg\u016bd\u017eius. Be to, STEAM ugdymas leid\u017eia susieti mokyklin\u012f turin\u012f su realiu pasauliu: mokiniai sprend\u017eia aktualias problemas, susijusias su aplinkosauga, sveikata, miest\u0173 planavimu ar technologij\u0173 taikymu kasdieniame gyvenime.<br \/><\/span><span style=\"font-size: 16px;\">\u00a0 \u00a0 \u00a0 \u00a0 \u00a0 Nauda jau\u010diama ne tik mokiniams, bet ir mokytojams. STEAM projektai suartina skirting\u0173 dalyk\u0173 mokytojus, skatina bendradarbiauti, kurti kartu ir dalintis patirtimi. Tai tampa puikia galimybe i\u0161lipti i\u0161 komforto zonos ir atrasti naujas ugdymo formas, kurios da\u017enai b\u016bna ne tik efektyvesn\u0117s, bet ir \u012fdomesn\u0117s tiek mokiniui, tiek mokytojui. STEAM kei\u010dia ir mokytojo vaidmen\u012f \u2013 jis nebeperduoda \u017einias, bet tampa proceso moderatoriumi, padedan\u010diu mokiniui atrasti, tyrin\u0117ti ir tobul\u0117ti.<br \/><\/span><span style=\"font-size: 16px;\">\u00a0 \u00a0 \u00a0 \u00a0 \u00a0 Vis d\u0117lto, Lietuvos mokyklose STEAM \u012fgyvendinimas susiduria ir su i\u0161\u0161\u016bkiais. Vienas pagrindini\u0173 \u2013 mokytoj\u0173 pasirengimas ir pasitik\u0117jimas savimi taikant integruot\u0105 ugdym\u0105. Nors entuziazmo netr\u016bksta, da\u017enai stokojama praktini\u0173 \u017eini\u0173, metodin\u0117s med\u017eiagos ar laiko pasiruo\u0161imui. Taip pat kyla klausim\u0173 d\u0117l pamok\u0173 tvarkara\u0161\u010di\u0173 ir vertinimo sistem\u0173, kurios ne visada suderinamos su tarpdisciplinin\u0117mis veiklomis. Materialin\u0117 baz\u0117 \u2013 dar viena kli\u016btis, ypa\u010d ma\u017eesn\u0117se mokyklose, kur tr\u016bksta reikalingos \u012frangos ar priemoni\u0173 eksperimentams. Ir, \u017einoma, po\u017ei\u016bris \u2013 kol STEAM bus vertinamas tik kaip \u201eprojektas\u201c, o ne kaip esmin\u0117 mokymosi paradigma, jo pl\u0117tra vyks l\u0117\u010diau. <\/span><\/h3>\r\n<h3 class=\"wp-block-heading\" style=\"text-align: justify;\"><span style=\"font-size: 16px;\">\u00a0 \u00a0 \u00a0 \u00a0 \u00a0 Nepaisant i\u0161\u0161\u016bki\u0173, Lietuvoje jau galima rasti puiki\u0173 STEAM ugdymo pavyzd\u017ei\u0173. Vienoje mokykloje mokiniai k\u016br\u0117 tvaraus miesto model\u012f \u2013 apskai\u010diavo energijos poreik\u012f, planavo infrastrukt\u016br\u0105, k\u016br\u0117 reklamin\u0119 kampanij\u0105 ir pristat\u0117 projekt\u0105 bendruomenei. Kitur vyko \u201eVandens tyrimo diena\u201c, kur vaikai ne tik tyrin\u0117jo vandens kokyb\u0119, bet ir k\u016br\u0117 valymo filtrus, analizavo rezultatus, dokumentavo procesus ir i\u0161 to k\u016br\u0117 vaizdo siu\u017eetus. Dar kitoje mokykloje organizuota STEAM diena gamtoje \u2013 mokiniai tyr\u0117 augalus, atliko matavimus, fiksavo duomenis, o v\u0117liau visk\u0105 pateik\u0117 plakato ar modelio forma.<\/span><\/h3>\r\n<h3 class=\"wp-block-heading\" style=\"text-align: justify;\"><span style=\"font-size: 16px;\">\u00a0 \u00a0 \u00a0 \u00a0 \u00a0STEAM ugdymas n\u0117ra trumpalaik\u0117 mada \u2013 tai b\u016btinas pokytis, jei norime, kad mokykla neatsilikt\u0173 nuo visuomen\u0117s ir technologij\u0173 pa\u017eangos. Tai kelias, kuriuo eidami ne tik geriau paruo\u0161iame vaikus gyvenimui, bet ir patys, kaip \u0161vietimo bendruomen\u0117, tampame inovatyvesni, atviresni, k\u016brybi\u0161kesni. Tai kelias \u012f ateities mokykl\u0105, kurioje \u017einios n\u0117ra tikslas, o priemon\u0117 kurti, atrasti ir augti.<\/span><\/h3>\r\n<p><span style=\"font-size: 16px;\">\r\n\r\n<\/span><span style=\"font-size: 16px;\">\r\n\r\n<\/span><span style=\"font-size: 16px;\">\r\n\r\n<\/span><span style=\"font-size: 16px;\">\r\n\r\n<\/span><span style=\"font-size: 16px;\">\r\n\r\n<\/span><\/p>\r\n<p><span style=\"font-size: 16px;\">\r\n\r\n<\/span><\/p>\r\n<p><span style=\"font-size: 16px;\">\r\n\r\n<\/span><\/p>\r\n<h3 class=\"wp-block-heading\" style=\"text-align: justify;\"><span style=\"font-size: 16px;\">Nuorodos id\u0117j\u0173 paie\u0161kai:<\/span><\/h3>\r\n<p><a href=\"https:\/\/www.kurybinesjungtys.lt\/wp-content\/uploads\/2025\/08\/Kurybines-jungtys_STEAM_ugdymo_iniciatyvu_planas.pdf\">Tyrin\u0117jimo menas: STEAM giliam mokymuisi<\/a><\/p>\r\n<p><a href=\"http:\/\/steam.jotvingiugimnazija.lt\/?page_id=1600\">STEAM pamok\u0173 i\u0161tekliai<\/a><\/p>\r\n<p><a href=\"https:\/\/www.siauliaitech.lt\/steam-pamokos-medziaga-mokytojams\/\">STEAM pamokos (med\u017eiaga mokytojams)<\/a><\/p>\r\n<p><a href=\"https:\/\/www.calameo.com\/read\/0080797210fd59b4f9cf1\">Pamok\u0173 dirbtuv\u0117s<\/a><\/p>\r\n<p><a href=\"https:\/\/heyzine.com\/flip-book\/b28f1d71e4.html#page\/1\">K\u016brybi\u0161kumas STEAM \u0161vietime. Pamok\u0173 plan\u0173 rinkinys<\/a><\/p>\r\n<p><a href=\"https:\/\/www.teachengineering.org\/\">Teach engineering<\/a><\/p>\r\n<p><a href=\"https:\/\/pbskids.org\/designsquad\/build\/\">PBS kids<\/a><\/p>\r\n<p><a href=\"https:\/\/www.sciencebuddies.org\/science-kits\">Science Kits<\/a><\/p>\r\n<p><a href=\"https:\/\/www.jpl.nasa.gov\/edu\/news\/24-stem-lessons-you-can-quickly-deploy-in-the-classroom\/?utm_source=chatgpt.com\">NASA education<\/a><\/p>\r\n<p><a href=\"https:\/\/www.stem.org.uk\/resources\/search?f%5B0%5D=field_subject%3A67&amp;f%5B1%5D=field_type%3A11\">STEM learning<\/a><\/p>\r\n<p><a href=\"https:\/\/mynasadata.larc.nasa.gov\/basic-page\/archived-lessons-plans\">My NASA data<\/a><\/p>\r\n<p><a href=\"https:\/\/www.exploratorium.edu\/education\/teacher-institute\/digital-teaching-boxes\">Exploratorium<\/a><\/p>\r\n<p><a href=\"https:\/\/climatescience.org\/for-teachers\">Climate science<\/a><\/p>\r\n<p><a href=\"https:\/\/mysteryscience.com\/\">My story science<\/a><\/p>\r\n<p><a href=\"https:\/\/www.education.com\/resources\/lesson-plans\/\">Education.com<\/a><\/p>\r\n<p><a href=\"https:\/\/www.lessonplanet.com\/search?search_tab_id=3&amp;subject_ids%5B%5D=365221\">Lesson planet<\/a><\/p>\r\n","protected":false},"excerpt":{"rendered":"<p>\u00a0 \u00a0 \u00a0 \u00a0 \u00a0 \u00a0 \u00a0 STEAM ugdymas tampa vis svarbesne \u0161iuolaikin\u0117s mokyklos dalimi, kei\u010dian\u010dia tradicin\u012f po\u017ei\u016br\u012f \u012f mokym\u0105si. Tai integruotas gamtos moksl\u0173, technologij\u0173, in\u017einerijos, men\u0173 ir matematikos ugdymas, kuris ne tik jungia atskirus dalykus, bet ir suteikia galimyb\u0119 mokiniams patirti mokym\u0105si kaip gyv\u0105, k\u016brybi\u0161k\u0105 ir prasming\u0105 proces\u0105. STEAM filosofija gr\u012fsta id\u0117ja, kad tikrov\u0117&#8230;<\/p>\n<p class=\"more-link\"><a href=\"https:\/\/steamzarasai.lt\/index.php\/steam-ugdymas\/\" class=\"\"><span>Read More<\/span><i>&#43;<\/i><\/a><\/p>\n","protected":false},"author":2,"featured_media":0,"parent":0,"menu_order":0,"comment_status":"closed","ping_status":"closed","template":"","meta":{"footnotes":""},"categories":[],"tags":[],"class_list":["post-102","page","type-page","status-publish","hentry"],"_links":{"self":[{"href":"https:\/\/steamzarasai.lt\/index.php\/wp-json\/wp\/v2\/pages\/102","targetHints":{"allow":["GET"]}}],"collection":[{"href":"https:\/\/steamzarasai.lt\/index.php\/wp-json\/wp\/v2\/pages"}],"about":[{"href":"https:\/\/steamzarasai.lt\/index.php\/wp-json\/wp\/v2\/types\/page"}],"author":[{"embeddable":true,"href":"https:\/\/steamzarasai.lt\/index.php\/wp-json\/wp\/v2\/users\/2"}],"replies":[{"embeddable":true,"href":"https:\/\/steamzarasai.lt\/index.php\/wp-json\/wp\/v2\/comments?post=102"}],"version-history":[{"count":15,"href":"https:\/\/steamzarasai.lt\/index.php\/wp-json\/wp\/v2\/pages\/102\/revisions"}],"predecessor-version":[{"id":223,"href":"https:\/\/steamzarasai.lt\/index.php\/wp-json\/wp\/v2\/pages\/102\/revisions\/223"}],"wp:attachment":[{"href":"https:\/\/steamzarasai.lt\/index.php\/wp-json\/wp\/v2\/media?parent=102"}],"wp:term":[{"taxonomy":"category","embeddable":true,"href":"https:\/\/steamzarasai.lt\/index.php\/wp-json\/wp\/v2\/categories?post=102"},{"taxonomy":"post_tag","embeddable":true,"href":"https:\/\/steamzarasai.lt\/index.php\/wp-json\/wp\/v2\/tags?post=102"}],"curies":[{"name":"wp","href":"https:\/\/api.w.org\/{rel}","templated":true}]}}