{"id":17,"date":"2025-06-26T18:26:44","date_gmt":"2025-06-26T18:26:44","guid":{"rendered":"http:\/\/steamzarasai.lt\/?page_id=17"},"modified":"2026-03-30T06:40:24","modified_gmt":"2026-03-30T06:40:24","slug":"2-puslapis","status":"publish","type":"page","link":"https:\/\/steamzarasai.lt\/index.php\/2-puslapis\/","title":{"rendered":"Integruotos pamokos"},"content":{"rendered":"<p><a href=\"https:\/\/heyzine.com\/flip-book\/b28f1d71e4.html#page\/1\">K\u016brybi\u0161kumas STEAM \u0161vietime. Pamok\u0173 plan\u0173 rinkinys<\/a><\/p>\r\n<p><a href=\"http:\/\/steamzarasai.lt\/wp-content\/uploads\/2026\/03\/Viduramziu-pilys-kodel-jos-statytos-anksciau-ir-kodel-saugomos-dabar.pdf\">Viduram\u017ei\u0173 pilys kod\u0117l jos statytos anks\u010diau ir kod\u0117l saugomos dabar<\/a><\/p>\r\n<p><a href=\"http:\/\/steamzarasai.lt\/wp-content\/uploads\/2026\/03\/Velines_atminimo-ir-pagarbos-diena-tradicijos-prasmes-ir-ekologiniai-sprendimai.pdf\">V\u0117lin\u0117s_atminimo ir pagarbos diena tradicijos, prasm\u0117s ir ekologiniai sprendimai<\/a><\/p>\r\n<p><a href=\"http:\/\/steamzarasai.lt\/wp-content\/uploads\/2026\/03\/Vanduo-kaip-meno-ir-mokslo-objektas.pdf\">Vanduo kaip meno ir mokslo objektas<\/a><\/p>\r\n<p><a href=\"http:\/\/steamzarasai.lt\/wp-content\/uploads\/2026\/03\/Teisingumas-saziningumas-ir-skaiciai.pdf\">Teisingumas, s\u0105\u017einingumas ir skai\u010diai<\/a><\/p>\r\n<p><a href=\"http:\/\/steamzarasai.lt\/wp-content\/uploads\/2026\/03\/Tautos-skrynia-praverus.pdf\">Tautos skryni\u0105 prav\u0117rus<\/a><\/p>\r\n<p><a href=\"http:\/\/steamzarasai.lt\/wp-content\/uploads\/2026\/03\/Romantizmas-Vakaru-Europoje-ir-Lietuvoje-\u2013-literaturos-ir-muzikos-dialogai.pdf\">Romantizmas Vakar\u0173 Europoje ir Lietuvoje \u2013 literat\u016bros ir muzikos dialogai<\/a><\/p>\r\n<p><a href=\"http:\/\/steamzarasai.lt\/wp-content\/uploads\/2026\/03\/Rizikos-analize-ir-saugus-elgesys-remiantis-gamtos-mokslais.pdf\">Rizikos analiz\u0117 ir saugus elgesys remiantis gamtos mokslais<\/a><\/p>\r\n<p><a href=\"http:\/\/steamzarasai.lt\/wp-content\/uploads\/2026\/03\/Nuo-siaudinuko-iki-robotikos.pdf\">Nuo \u0161iaudinuko iki robotikos<\/a><\/p>\r\n<p><a href=\"http:\/\/steamzarasai.lt\/wp-content\/uploads\/2026\/03\/Neuzdek-pavasario.pdf\">Neu\u017edek pavasario<\/a><\/p>\r\n<p><a href=\"http:\/\/steamzarasai.lt\/wp-content\/uploads\/2026\/03\/Nematomas-pasaulis-atomas-is-triju-mokslu-perspektyvos.pdf\">Nematomas pasaulis atomas i\u0161 trij\u0173 moksl\u0173 perspektyvos<\/a><\/p>\r\n<p><a href=\"http:\/\/steamzarasai.lt\/wp-content\/uploads\/2026\/03\/Misija-bibliotekoje_robotikos-ir-matematikos-issukis.pdf\">Misija bibliotekoje_robotikos ir matematikos i\u0161\u0161\u016bkis<\/a><\/p>\r\n<p><a href=\"http:\/\/steamzarasai.lt\/wp-content\/uploads\/2026\/03\/Mikro-ir-makro-pasauliai-kai-mokslas-susitinka-su-menu.pdf\">Mikro ir makro pasauliai kai mokslas susitinka su menu<\/a><\/p>\r\n<p><a href=\"http:\/\/steamzarasai.lt\/wp-content\/uploads\/2026\/03\/Medziu-tyrimas-per-pojucius.pdf\">Med\u017ei\u0173 tyrimas per poj\u016b\u010dius<\/a><\/p>\r\n<p><a href=\"http:\/\/steamzarasai.lt\/wp-content\/uploads\/2026\/03\/Medzio-dovanos.pdf\">Med\u017eio dovanos<\/a><\/p>\r\n<p><a href=\"http:\/\/steamzarasai.lt\/wp-content\/uploads\/2026\/03\/Ledo-tirpimas-ir-pavojai-pavasari_saugus-elgesys.pdf\">Ledo tirpimas ir pavojai pavasar\u012f_saugus elgesys<\/a><\/p>\r\n<p><a href=\"http:\/\/steamzarasai.lt\/wp-content\/uploads\/2026\/03\/Krituliai-vandens-apytakos-ratas-ir-oru-prognozes.pdf\">Krituliai, vandens apytakos ratas ir or\u0173 prognoz\u0117s<\/a><\/p>\r\n<p><a href=\"http:\/\/steamzarasai.lt\/wp-content\/uploads\/2026\/03\/Klevo-lapo-gyvenimas.pdf\">Klevo lapo gyvenimas<\/a><\/p>\r\n<p><a href=\"http:\/\/steamzarasai.lt\/wp-content\/uploads\/2026\/03\/Inzinerija-Kirciavimas-Greicio-issukis.pdf\">In\u017einerija + Kir\u010diavimas = Grei\u010dio i\u0161\u0161\u016bkis<\/a><\/p>\r\n<p><a href=\"http:\/\/steamzarasai.lt\/wp-content\/uploads\/2026\/03\/Inzinerija-Kirciavimas-Greicio-issukis.pdf\">!<\/a><a href=\"http:\/\/steamzarasai.lt\/wp-content\/uploads\/2026\/03\/Energija-sviesai-licio-bateriju-chemija-ir-optikos-taikymai.pdf\">Energija \u0161viesai li\u010dio baterij\u0173 chemija ir optikos taikymai<\/a><\/p>\r\n<p><a href=\"http:\/\/steamzarasai.lt\/wp-content\/uploads\/2026\/03\/Dudeliu-ir-skuduciu-gaminimas-is-naturaliu-medziagu.pdf\">D\u016bdeli\u0173 ir skudu\u010di\u0173 gaminimas i\u0161 nat\u016brali\u0173 med\u017eiag\u0173<\/a><\/p>\r\n<p><a href=\"http:\/\/steamzarasai.lt\/wp-content\/uploads\/2026\/03\/Baltu-verslai-ir-amatai.pdf\">Balt\u0173 verslai ir amatai<\/a><\/p>\r\n<p><a href=\"http:\/\/steamzarasai.lt\/wp-content\/uploads\/2026\/03\/Audiniu-marginimas-naturaliuoju-budu.pdf\">Audini\u0173 marginimas nat\u016braliuoju b\u016bdu<\/a><\/p>\r\n<p><a href=\"http:\/\/steamzarasai.lt\/wp-content\/uploads\/2026\/03\/Astriasnipiai-ersketai.pdf\">A\u0161tria\u0161nipiai er\u0161ketai<\/a><\/p>\r\n<p><a href=\"http:\/\/steamzarasai.lt\/wp-content\/uploads\/2025\/10\/Integruotos-lietuviu-k-ir-dailes-pamokos-Knygu-veidai-feisbukas-planas.pdf\">Integruotos lietuvi\u0173 k ir dail\u0117s pamokos Knyg\u0173 veidai feisbukas planas<\/a><\/p>\r\n<p><a href=\"http:\/\/steamzarasai.lt\/wp-content\/uploads\/2025\/10\/Pamokos-planas-Gimtoji-kalba-musu-tapatybes-zenklas_-pazintis-su-Kazimiero-Bugos-palikimu.pdf\">Pamokos planas Gimtoji kalba &#8211; m\u016bs\u0173 tapatyb\u0117s \u017eenklas_ pa\u017eintis su Kazimiero B\u016bgos palikimu<\/a><\/p>\r\n<p><a href=\"http:\/\/steamzarasai.lt\/wp-content\/uploads\/2025\/10\/Pamokoa-planas-Vandens-kelione-komiksuose_nuo-garo-debesies-iki-gelbejimo-misijos.pdf\">Pamokoa planas Vandens kelion\u0117 komiksuose_nuo garo debesies iki gelb\u0117jimo misijos<\/a><\/p>\r\n<p><a href=\"http:\/\/steamzarasai.lt\/wp-content\/uploads\/2025\/10\/Pamokos-planas-Atrodau-kaip-jauciuosi.pdf\">Pamokos planas Atrodau kaip jau\u010diuosi<\/a><\/p>\r\n<p><a href=\"http:\/\/steamzarasai.lt\/wp-content\/uploads\/2025\/10\/Pamokos-planas-Lietuviu-kalbos-issaugojimas-globaliame-pasaulyje_issukiai-ir-galimybes.pdf\">Pamokos planas Lietuvi\u0173 kalbos i\u0161saugojimas globaliame pasaulyje_i\u0161\u0161\u016bkiai ir galimyb\u0117s<\/a><\/p>\r\n<p><a href=\"http:\/\/steamzarasai.lt\/wp-content\/uploads\/2025\/10\/Pamokos-planas-Mechaniniai-svyravimai-muzikoje-ir-mene.-Minime-M.-K.-Ciurlionio-150-gimimo-metines.pdf\">Pamokos planas Mechaniniai svyravimai muzikoje ir mene. Minime M. K. \u010ciurlionio 150 gimimo metines<\/a><\/p>\r\n<p><a href=\"http:\/\/steamzarasai.lt\/wp-content\/uploads\/2025\/10\/Pamokos-planas-Pamoka-Sauku-galerijoje_-menas-ir-anatomija-kaip-pazinimo-kelias.pdf\">Pamokos planas Pamoka Sauk\u0173 galerijoje_ menas ir anatomija kaip pa\u017einimo kelias<\/a><\/p>\r\n<p><a href=\"http:\/\/steamzarasai.lt\/wp-content\/uploads\/2025\/10\/Pamokos-planas-Vandens-stichija-upe.pdf\">Pamokos planas Vandens stichija &#8211; up\u0117<\/a><\/p>\r\n<p><a href=\"http:\/\/steamzarasai.lt\/wp-content\/uploads\/2025\/10\/Pamokos-planas-Vizualizacija-mokantis_paveikslelis-tik-puosmena-ar-pazinimo-irankis.pdf\">Pamokos planas Vizualizacija mokantis_paveiksl\u0117lis tik puo\u0161mena ar pa\u017einimo \u012frankis<\/a><\/p>\r\n\r\n<h2 class=\"wp-block-heading\"><span style=\"font-size: 14px;\"><a href=\"http:\/\/steamzarasai.lt\/wp-content\/uploads\/2026\/03\/Zaliasis-mano-draugas.pdf\">\u017daliasis mano draugas<\/a><\/span><\/h2>\r\n<p>&nbsp;<\/p>\r\n","protected":false},"excerpt":{"rendered":"<p>K\u016brybi\u0161kumas STEAM \u0161vietime. Pamok\u0173 plan\u0173 rinkinys Viduram\u017ei\u0173 pilys kod\u0117l jos statytos anks\u010diau ir kod\u0117l saugomos dabar V\u0117lin\u0117s_atminimo ir pagarbos diena tradicijos, prasm\u0117s ir ekologiniai sprendimai Vanduo kaip meno ir mokslo objektas Teisingumas, s\u0105\u017einingumas ir skai\u010diai Tautos skryni\u0105 prav\u0117rus Romantizmas Vakar\u0173 Europoje ir Lietuvoje \u2013 literat\u016bros ir muzikos dialogai Rizikos analiz\u0117 ir saugus elgesys remiantis gamtos&#8230;<\/p>\n<p class=\"more-link\"><a href=\"https:\/\/steamzarasai.lt\/index.php\/2-puslapis\/\" class=\"\"><span>Read More<\/span><i>&#43;<\/i><\/a><\/p>\n","protected":false},"author":2,"featured_media":0,"parent":0,"menu_order":0,"comment_status":"closed","ping_status":"closed","template":"","meta":{"footnotes":""},"categories":[],"tags":[],"class_list":["post-17","page","type-page","status-publish","hentry"],"_links":{"self":[{"href":"https:\/\/steamzarasai.lt\/index.php\/wp-json\/wp\/v2\/pages\/17","targetHints":{"allow":["GET"]}}],"collection":[{"href":"https:\/\/steamzarasai.lt\/index.php\/wp-json\/wp\/v2\/pages"}],"about":[{"href":"https:\/\/steamzarasai.lt\/index.php\/wp-json\/wp\/v2\/types\/page"}],"author":[{"embeddable":true,"href":"https:\/\/steamzarasai.lt\/index.php\/wp-json\/wp\/v2\/users\/2"}],"replies":[{"embeddable":true,"href":"https:\/\/steamzarasai.lt\/index.php\/wp-json\/wp\/v2\/comments?post=17"}],"version-history":[{"count":13,"href":"https:\/\/steamzarasai.lt\/index.php\/wp-json\/wp\/v2\/pages\/17\/revisions"}],"predecessor-version":[{"id":217,"href":"https:\/\/steamzarasai.lt\/index.php\/wp-json\/wp\/v2\/pages\/17\/revisions\/217"}],"wp:attachment":[{"href":"https:\/\/steamzarasai.lt\/index.php\/wp-json\/wp\/v2\/media?parent=17"}],"wp:term":[{"taxonomy":"category","embeddable":true,"href":"https:\/\/steamzarasai.lt\/index.php\/wp-json\/wp\/v2\/categories?post=17"},{"taxonomy":"post_tag","embeddable":true,"href":"https:\/\/steamzarasai.lt\/index.php\/wp-json\/wp\/v2\/tags?post=17"}],"curies":[{"name":"wp","href":"https:\/\/api.w.org\/{rel}","templated":true}]}}